{"id":19,"date":"2025-04-24T18:14:05","date_gmt":"2025-04-24T18:14:05","guid":{"rendered":"https:\/\/inescadena.com\/?page_id=19"},"modified":"2025-04-27T22:19:28","modified_gmt":"2025-04-27T22:19:28","slug":"retiros-de-bienestar-para-mujeres","status":"publish","type":"page","link":"https:\/\/inescadena.com\/index.php\/retiros-de-bienestar-para-mujeres\/","title":{"rendered":"Retiros y talleres"},"content":{"rendered":"\t\t<div data-elementor-type=\"wp-page\" data-elementor-id=\"19\" class=\"elementor elementor-19\" data-elementor-post-type=\"page\">\n\t\t\t\t<div class=\"elementor-element elementor-element-4139c35 e-flex e-con-boxed e-con e-parent\" data-id=\"4139c35\" data-element_type=\"container\" data-e-type=\"container\">\n\t\t\t\t\t<div class=\"e-con-inner\">\n\t\t\t\t<div class=\"elementor-element elementor-element-80bb0ab elementor-widget elementor-widget-heading\" data-id=\"80bb0ab\" data-element_type=\"widget\" data-e-type=\"widget\" data-widget_type=\"heading.default\">\n\t\t\t\t<div class=\"elementor-widget-container\">\n\t\t\t\t\t<h2 class=\"elementor-heading-title elementor-size-default\">Retiros de bienestar para mujeres: reconecta contigo misma\u200b<\/h2>\t\t\t\t<\/div>\n\t\t\t\t<\/div>\n\t\t\t\t\t<\/div>\n\t\t\t\t<\/div>\n\t\t<div class=\"elementor-element elementor-element-37f3e97 e-flex e-con-boxed e-con e-parent\" data-id=\"37f3e97\" data-element_type=\"container\" data-e-type=\"container\">\n\t\t\t\t\t<div class=\"e-con-inner\">\n\t\t<div class=\"elementor-element elementor-element-ef839cf e-con-full e-flex e-con e-child\" data-id=\"ef839cf\" data-element_type=\"container\" data-e-type=\"container\">\n\t\t\t\t<div class=\"elementor-element elementor-element-81c736b elementor-widget elementor-widget-image\" data-id=\"81c736b\" data-element_type=\"widget\" data-e-type=\"widget\" data-widget_type=\"image.default\">\n\t\t\t\t<div class=\"elementor-widget-container\">\n\t\t\t\t\t\t\t\t\t\t\t\t\t\t\t<img fetchpriority=\"high\" decoding=\"async\" width=\"1080\" height=\"1080\" src=\"https:\/\/inescadena.com\/wp-content\/uploads\/2025\/04\/Encuentro-de-Mujeres-Vivir-la-menopausia-con-Ines-Cadena.jpg\" class=\"attachment-full size-full wp-image-114\" alt=\"Retiros de bienestar para mujeres\" srcset=\"https:\/\/inescadena.com\/wp-content\/uploads\/2025\/04\/Encuentro-de-Mujeres-Vivir-la-menopausia-con-Ines-Cadena.jpg 1080w, https:\/\/inescadena.com\/wp-content\/uploads\/2025\/04\/Encuentro-de-Mujeres-Vivir-la-menopausia-con-Ines-Cadena-300x300.jpg 300w, https:\/\/inescadena.com\/wp-content\/uploads\/2025\/04\/Encuentro-de-Mujeres-Vivir-la-menopausia-con-Ines-Cadena-1024x1024.jpg 1024w, https:\/\/inescadena.com\/wp-content\/uploads\/2025\/04\/Encuentro-de-Mujeres-Vivir-la-menopausia-con-Ines-Cadena-150x150.jpg 150w, https:\/\/inescadena.com\/wp-content\/uploads\/2025\/04\/Encuentro-de-Mujeres-Vivir-la-menopausia-con-Ines-Cadena-768x768.jpg 768w\" sizes=\"(max-width: 1080px) 100vw, 1080px\" \/>\t\t\t\t\t\t\t\t\t\t\t\t\t\t\t<\/div>\n\t\t\t\t<\/div>\n\t\t\t\t<\/div>\n\t\t<div class=\"elementor-element elementor-element-5e9dde6 e-con-full e-flex e-con e-child\" data-id=\"5e9dde6\" data-element_type=\"container\" data-e-type=\"container\">\n\t\t\t\t<div class=\"elementor-element elementor-element-56c6da0 elementor-widget elementor-widget-heading\" data-id=\"56c6da0\" data-element_type=\"widget\" data-e-type=\"widget\" data-widget_type=\"heading.default\">\n\t\t\t\t<div class=\"elementor-widget-container\">\n\t\t\t\t\t<h2 class=\"elementor-heading-title elementor-size-default\">Retiros &amp; Talleres<\/h2>\t\t\t\t<\/div>\n\t\t\t\t<\/div>\n\t\t\t\t<div class=\"elementor-element elementor-element-5ee66f0 elementor-widget-divider--view-line elementor-widget elementor-widget-divider\" data-id=\"5ee66f0\" data-element_type=\"widget\" data-e-type=\"widget\" data-widget_type=\"divider.default\">\n\t\t\t\t<div class=\"elementor-widget-container\">\n\t\t\t\t\t\t\t<div class=\"elementor-divider\">\n\t\t\t<span class=\"elementor-divider-separator\">\n\t\t\t\t\t\t<\/span>\n\t\t<\/div>\n\t\t\t\t\t\t<\/div>\n\t\t\t\t<\/div>\n\t\t\t\t<div class=\"elementor-element elementor-element-1f8b7f8 elementor-widget elementor-widget-text-editor\" data-id=\"1f8b7f8\" data-element_type=\"widget\" data-e-type=\"widget\" data-widget_type=\"text-editor.default\">\n\t\t\t\t<div class=\"elementor-widget-container\">\n\t\t\t\t\t\t\t\t\t<p>En nuestros <strong data-start=\"245\" data-end=\"282\">retiros de bienestar para mujeres<\/strong>, te ofrecemos un espacio \u00fanico donde podr\u00e1s desconectar del estr\u00e9s diario y reconectar contigo misma. Estos retiros est\u00e1n dise\u00f1ados para mujeres que buscan un cambio, que desean experimentar una transformaci\u00f3n tanto f\u00edsica como emocional. Aqu\u00ed, podr\u00e1s disfrutar de actividades que promueven el bienestar integral, como meditaci\u00f3n, yoga, terapias grupales y mucho m\u00e1s.<\/p><p>S\u00e9 de las primeras en conocer las fechas, apunt\u00e1ndote a la newsletter.\u00a0<\/p>\t\t\t\t\t\t\t\t<\/div>\n\t\t\t\t<\/div>\n\t\t\t\t<div class=\"elementor-element elementor-element-3e2472f elementor-align-center elementor-widget elementor-widget-button\" data-id=\"3e2472f\" data-element_type=\"widget\" data-e-type=\"widget\" data-widget_type=\"button.default\">\n\t\t\t\t<div class=\"elementor-widget-container\">\n\t\t\t\t\t\t\t\t\t<div class=\"elementor-button-wrapper\">\n\t\t\t\t\t<a class=\"elementor-button elementor-button-link elementor-size-sm\" href=\"#\">\n\t\t\t\t\t\t<span class=\"elementor-button-content-wrapper\">\n\t\t\t\t\t\t\t\t\t<span class=\"elementor-button-text\">QUIERO QUE ME AVISES<\/span>\n\t\t\t\t\t<\/span>\n\t\t\t\t\t<\/a>\n\t\t\t\t<\/div>\n\t\t\t\t\t\t\t\t<\/div>\n\t\t\t\t<\/div>\n\t\t\t\t<\/div>\n\t\t\t\t\t<\/div>\n\t\t\t\t<\/div>\n\t\t<div class=\"elementor-element elementor-element-f36b56c e-flex e-con-boxed e-con e-parent\" data-id=\"f36b56c\" data-element_type=\"container\" data-e-type=\"container\" data-settings=\"{&quot;background_background&quot;:&quot;classic&quot;}\">\n\t\t\t\t\t<div class=\"e-con-inner\">\n\t\t<div class=\"elementor-element elementor-element-4935692 e-con-full e-flex e-con e-child\" data-id=\"4935692\" data-element_type=\"container\" data-e-type=\"container\">\n\t\t\t\t<div class=\"elementor-element elementor-element-ab19472 elementor-widget elementor-widget-heading\" data-id=\"ab19472\" data-element_type=\"widget\" data-e-type=\"widget\" data-widget_type=\"heading.default\">\n\t\t\t\t<div class=\"elementor-widget-container\">\n\t\t\t\t\t<h2 class=\"elementor-heading-title elementor-size-default\">Beneficios de participar en un retiro de bienestar<\/h2>\t\t\t\t<\/div>\n\t\t\t\t<\/div>\n\t\t\t\t<div class=\"elementor-element elementor-element-df77ee7 elementor-widget-divider--view-line elementor-widget elementor-widget-divider\" data-id=\"df77ee7\" data-element_type=\"widget\" data-e-type=\"widget\" data-widget_type=\"divider.default\">\n\t\t\t\t<div class=\"elementor-widget-container\">\n\t\t\t\t\t\t\t<div class=\"elementor-divider\">\n\t\t\t<span class=\"elementor-divider-separator\">\n\t\t\t\t\t\t<\/span>\n\t\t<\/div>\n\t\t\t\t\t\t<\/div>\n\t\t\t\t<\/div>\n\t\t\t\t<div class=\"elementor-element elementor-element-3f71c89 elementor-widget elementor-widget-text-editor\" data-id=\"3f71c89\" data-element_type=\"widget\" data-e-type=\"widget\" data-widget_type=\"text-editor.default\">\n\t\t\t\t<div class=\"elementor-widget-container\">\n\t\t\t\t\t\t\t\t\t<p class=\"\" data-start=\"708\" data-end=\"1136\">Los <strong data-start=\"712\" data-end=\"749\">retiros de bienestar para mujeres<\/strong> no solo te permitir\u00e1n descansar, sino que tambi\u00e9n te ofrecer\u00e1n herramientas para mejorar tu salud mental, emocional y f\u00edsica. En cada retiro, trabajamos en crear un ambiente seguro y acogedor donde podr\u00e1s soltar tensiones, encontrar claridad y fortalecer tu autoestima. Adem\u00e1s, contar\u00e1s con el acompa\u00f1amiento de profesionales especializados que te guiar\u00e1n a lo largo de todo el proceso.<\/p>\t\t\t\t\t\t\t\t<\/div>\n\t\t\t\t<\/div>\n\t\t\t\t<\/div>\n\t\t\t\t\t<\/div>\n\t\t\t\t<\/div>\n\t\t<div class=\"elementor-element elementor-element-3cdf86e e-flex e-con-boxed e-con e-parent\" data-id=\"3cdf86e\" data-element_type=\"container\" data-e-type=\"container\">\n\t\t\t\t\t<div class=\"e-con-inner\">\n\t\t<div class=\"elementor-element elementor-element-260e8f5 e-con-full e-flex e-con e-child\" data-id=\"260e8f5\" data-element_type=\"container\" data-e-type=\"container\">\n\t\t\t\t<div class=\"elementor-element elementor-element-5d83c88 elementor-widget elementor-widget-heading\" data-id=\"5d83c88\" data-element_type=\"widget\" data-e-type=\"widget\" data-widget_type=\"heading.default\">\n\t\t\t\t<div class=\"elementor-widget-container\">\n\t\t\t\t\t<h2 class=\"elementor-heading-title elementor-size-default\">\u00bfPor qu\u00e9 elegir nuestros retiros de bienestar?<\/h2>\t\t\t\t<\/div>\n\t\t\t\t<\/div>\n\t\t\t\t<div class=\"elementor-element elementor-element-90eeedd elementor-widget-divider--view-line elementor-widget elementor-widget-divider\" data-id=\"90eeedd\" data-element_type=\"widget\" data-e-type=\"widget\" data-widget_type=\"divider.default\">\n\t\t\t\t<div class=\"elementor-widget-container\">\n\t\t\t\t\t\t\t<div class=\"elementor-divider\">\n\t\t\t<span class=\"elementor-divider-separator\">\n\t\t\t\t\t\t<\/span>\n\t\t<\/div>\n\t\t\t\t\t\t<\/div>\n\t\t\t\t<\/div>\n\t\t\t\t<div class=\"elementor-element elementor-element-6cacb74 elementor-widget elementor-widget-text-editor\" data-id=\"6cacb74\" data-element_type=\"widget\" data-e-type=\"widget\" data-widget_type=\"text-editor.default\">\n\t\t\t\t<div class=\"elementor-widget-container\">\n\t\t\t\t\t\t\t\t\t<p class=\"\" data-start=\"1190\" data-end=\"1574\">Nuestros <strong data-start=\"1199\" data-end=\"1236\">retiros de bienestar para mujeres<\/strong> est\u00e1n dise\u00f1ados para que puedas disfrutar de un entorno natural y tranquilo, ideal para meditar, relajarte y renovar tu energ\u00eda. Durante el retiro, podr\u00e1s participar en actividades dise\u00f1adas para que aprendas a gestionar el estr\u00e9s, mejorar tu bienestar f\u00edsico y emocional, y llevarte herramientas pr\u00e1cticas para integrar en tu d\u00eda a d\u00eda.<\/p><p class=\"\" data-start=\"1576\" data-end=\"1868\">Si buscas un espacio para <strong data-start=\"1602\" data-end=\"1611\">sanar<\/strong>, <strong data-start=\"1613\" data-end=\"1627\">reconectar<\/strong> y <strong data-start=\"1630\" data-end=\"1645\">empoderarte<\/strong>, este es el lugar perfecto para ti. Todos nuestros retiros est\u00e1n pensados para que puedas vivir una experiencia transformadora y llevar contigo el bienestar que necesitas para continuar tu camino con m\u00e1s fuerza y claridad.<\/p>\t\t\t\t\t\t\t\t<\/div>\n\t\t\t\t<\/div>\n\t\t\t\t<div class=\"elementor-element elementor-element-aa04cc7 elementor-align-center elementor-widget elementor-widget-button\" data-id=\"aa04cc7\" data-element_type=\"widget\" data-e-type=\"widget\" data-widget_type=\"button.default\">\n\t\t\t\t<div class=\"elementor-widget-container\">\n\t\t\t\t\t\t\t\t\t<div class=\"elementor-button-wrapper\">\n\t\t\t\t\t<a class=\"elementor-button elementor-button-link elementor-size-sm\" href=\"#\">\n\t\t\t\t\t\t<span class=\"elementor-button-content-wrapper\">\n\t\t\t\t\t\t\t\t\t<span class=\"elementor-button-text\">me quiero apuntar para el siguiente<\/span>\n\t\t\t\t\t<\/span>\n\t\t\t\t\t<\/a>\n\t\t\t\t<\/div>\n\t\t\t\t\t\t\t\t<\/div>\n\t\t\t\t<\/div>\n\t\t\t\t<\/div>\n\t\t\t\t\t<\/div>\n\t\t\t\t<\/div>\n\t\t\t\t<\/div>\n\t\t","protected":false},"excerpt":{"rendered":"<p>Retiros de bienestar para mujeres: reconecta contigo misma\u200b Retiros &#038; Talleres En nuestros retiros de bienestar para mujeres, te ofrecemos un espacio \u00fanico donde podr\u00e1s desconectar del estr\u00e9s diario y reconectar contigo misma. Estos retiros est\u00e1n dise\u00f1ados para mujeres que buscan un cambio, que desean experimentar una transformaci\u00f3n tanto f\u00edsica como emocional. Aqu\u00ed, podr\u00e1s disfrutar [&hellip;]<\/p>\n","protected":false},"author":1,"featured_media":0,"parent":0,"menu_order":0,"comment_status":"closed","ping_status":"closed","template":"elementor_header_footer","meta":{"_joinchat":[],"footnotes":""},"class_list":["post-19","page","type-page","status-publish","hentry"],"yoast_head":"<!-- This site is optimized with the Yoast SEO plugin v27.3 - https:\/\/yoast.com\/product\/yoast-seo-wordpress\/ -->\n<title>Retiros de bienestar para mujeres | Experiencias transformadoras<\/title>\n<meta name=\"description\" content=\"Retiros de bienestar para mujeres: participa en talleres y encuentros dise\u00f1ados para nutrir tu cuerpo, mente y esp\u00edritu.\" \/>\n<meta name=\"robots\" content=\"index, follow, max-snippet:-1, max-image-preview:large, max-video-preview:-1\" \/>\n<link rel=\"canonical\" href=\"https:\/\/inescadena.com\/index.php\/retiros-de-bienestar-para-mujeres\/\" \/>\n<meta property=\"og:locale\" content=\"es_ES\" \/>\n<meta property=\"og:type\" content=\"article\" \/>\n<meta property=\"og:title\" content=\"Retiros de bienestar para mujeres | Experiencias transformadoras\" \/>\n<meta property=\"og:description\" content=\"Retiros de bienestar para mujeres: participa en talleres y encuentros dise\u00f1ados para nutrir tu cuerpo, mente y esp\u00edritu.\" \/>\n<meta property=\"og:url\" content=\"https:\/\/inescadena.com\/index.php\/retiros-de-bienestar-para-mujeres\/\" \/>\n<meta property=\"og:site_name\" content=\"In\u00e9s Cadena\" \/>\n<meta property=\"article:modified_time\" content=\"2025-04-27T22:19:28+00:00\" \/>\n<meta property=\"og:image\" content=\"https:\/\/inescadena.com\/wp-content\/uploads\/2025\/04\/Encuentro-de-Mujeres-Vivir-la-menopausia-con-Ines-Cadena.jpg\" \/>\n<meta name=\"twitter:card\" content=\"summary_large_image\" \/>\n<meta name=\"twitter:label1\" content=\"Tiempo de lectura\" \/>\n\t<meta name=\"twitter:data1\" content=\"2 minutos\" \/>\n<script type=\"application\/ld+json\" class=\"yoast-schema-graph\">{\"@context\":\"https:\\\/\\\/schema.org\",\"@graph\":[{\"@type\":\"WebPage\",\"@id\":\"https:\\\/\\\/inescadena.com\\\/index.php\\\/retiros-de-bienestar-para-mujeres\\\/\",\"url\":\"https:\\\/\\\/inescadena.com\\\/index.php\\\/retiros-de-bienestar-para-mujeres\\\/\",\"name\":\"Retiros de bienestar para mujeres | Experiencias transformadoras\",\"isPartOf\":{\"@id\":\"https:\\\/\\\/inescadena.com\\\/#website\"},\"primaryImageOfPage\":{\"@id\":\"https:\\\/\\\/inescadena.com\\\/index.php\\\/retiros-de-bienestar-para-mujeres\\\/#primaryimage\"},\"image\":{\"@id\":\"https:\\\/\\\/inescadena.com\\\/index.php\\\/retiros-de-bienestar-para-mujeres\\\/#primaryimage\"},\"thumbnailUrl\":\"https:\\\/\\\/inescadena.com\\\/wp-content\\\/uploads\\\/2025\\\/04\\\/Encuentro-de-Mujeres-Vivir-la-menopausia-con-Ines-Cadena.jpg\",\"datePublished\":\"2025-04-24T18:14:05+00:00\",\"dateModified\":\"2025-04-27T22:19:28+00:00\",\"description\":\"Retiros de bienestar para mujeres: participa en talleres y encuentros dise\u00f1ados para nutrir tu cuerpo, mente y esp\u00edritu.\",\"breadcrumb\":{\"@id\":\"https:\\\/\\\/inescadena.com\\\/index.php\\\/retiros-de-bienestar-para-mujeres\\\/#breadcrumb\"},\"inLanguage\":\"es\",\"potentialAction\":[{\"@type\":\"ReadAction\",\"target\":[\"https:\\\/\\\/inescadena.com\\\/index.php\\\/retiros-de-bienestar-para-mujeres\\\/\"]}]},{\"@type\":\"ImageObject\",\"inLanguage\":\"es\",\"@id\":\"https:\\\/\\\/inescadena.com\\\/index.php\\\/retiros-de-bienestar-para-mujeres\\\/#primaryimage\",\"url\":\"https:\\\/\\\/inescadena.com\\\/wp-content\\\/uploads\\\/2025\\\/04\\\/Encuentro-de-Mujeres-Vivir-la-menopausia-con-Ines-Cadena.jpg\",\"contentUrl\":\"https:\\\/\\\/inescadena.com\\\/wp-content\\\/uploads\\\/2025\\\/04\\\/Encuentro-de-Mujeres-Vivir-la-menopausia-con-Ines-Cadena.jpg\",\"width\":1080,\"height\":1080,\"caption\":\"Retiros de bienestar para mujeres\"},{\"@type\":\"BreadcrumbList\",\"@id\":\"https:\\\/\\\/inescadena.com\\\/index.php\\\/retiros-de-bienestar-para-mujeres\\\/#breadcrumb\",\"itemListElement\":[{\"@type\":\"ListItem\",\"position\":1,\"name\":\"Portada\",\"item\":\"https:\\\/\\\/inescadena.com\\\/\"},{\"@type\":\"ListItem\",\"position\":2,\"name\":\"Retiros y talleres\"}]},{\"@type\":\"WebSite\",\"@id\":\"https:\\\/\\\/inescadena.com\\\/#website\",\"url\":\"https:\\\/\\\/inescadena.com\\\/\",\"name\":\"In\u00e9s Cadena\",\"description\":\"\",\"potentialAction\":[{\"@type\":\"SearchAction\",\"target\":{\"@type\":\"EntryPoint\",\"urlTemplate\":\"https:\\\/\\\/inescadena.com\\\/?s={search_term_string}\"},\"query-input\":{\"@type\":\"PropertyValueSpecification\",\"valueRequired\":true,\"valueName\":\"search_term_string\"}}],\"inLanguage\":\"es\"}]}<\/script>\n<!-- \/ Yoast SEO plugin. -->","yoast_head_json":{"title":"Retiros de bienestar para mujeres | Experiencias transformadoras","description":"Retiros de bienestar para mujeres: participa en talleres y encuentros dise\u00f1ados para nutrir tu cuerpo, mente y esp\u00edritu.","robots":{"index":"index","follow":"follow","max-snippet":"max-snippet:-1","max-image-preview":"max-image-preview:large","max-video-preview":"max-video-preview:-1"},"canonical":"https:\/\/inescadena.com\/index.php\/retiros-de-bienestar-para-mujeres\/","og_locale":"es_ES","og_type":"article","og_title":"Retiros de bienestar para mujeres | Experiencias transformadoras","og_description":"Retiros de bienestar para mujeres: participa en talleres y encuentros dise\u00f1ados para nutrir tu cuerpo, mente y esp\u00edritu.","og_url":"https:\/\/inescadena.com\/index.php\/retiros-de-bienestar-para-mujeres\/","og_site_name":"In\u00e9s Cadena","article_modified_time":"2025-04-27T22:19:28+00:00","og_image":[{"url":"https:\/\/inescadena.com\/wp-content\/uploads\/2025\/04\/Encuentro-de-Mujeres-Vivir-la-menopausia-con-Ines-Cadena.jpg","type":"","width":"","height":""}],"twitter_card":"summary_large_image","twitter_misc":{"Tiempo de lectura":"2 minutos"},"schema":{"@context":"https:\/\/schema.org","@graph":[{"@type":"WebPage","@id":"https:\/\/inescadena.com\/index.php\/retiros-de-bienestar-para-mujeres\/","url":"https:\/\/inescadena.com\/index.php\/retiros-de-bienestar-para-mujeres\/","name":"Retiros de bienestar para mujeres | Experiencias transformadoras","isPartOf":{"@id":"https:\/\/inescadena.com\/#website"},"primaryImageOfPage":{"@id":"https:\/\/inescadena.com\/index.php\/retiros-de-bienestar-para-mujeres\/#primaryimage"},"image":{"@id":"https:\/\/inescadena.com\/index.php\/retiros-de-bienestar-para-mujeres\/#primaryimage"},"thumbnailUrl":"https:\/\/inescadena.com\/wp-content\/uploads\/2025\/04\/Encuentro-de-Mujeres-Vivir-la-menopausia-con-Ines-Cadena.jpg","datePublished":"2025-04-24T18:14:05+00:00","dateModified":"2025-04-27T22:19:28+00:00","description":"Retiros de bienestar para mujeres: participa en talleres y encuentros dise\u00f1ados para nutrir tu cuerpo, mente y esp\u00edritu.","breadcrumb":{"@id":"https:\/\/inescadena.com\/index.php\/retiros-de-bienestar-para-mujeres\/#breadcrumb"},"inLanguage":"es","potentialAction":[{"@type":"ReadAction","target":["https:\/\/inescadena.com\/index.php\/retiros-de-bienestar-para-mujeres\/"]}]},{"@type":"ImageObject","inLanguage":"es","@id":"https:\/\/inescadena.com\/index.php\/retiros-de-bienestar-para-mujeres\/#primaryimage","url":"https:\/\/inescadena.com\/wp-content\/uploads\/2025\/04\/Encuentro-de-Mujeres-Vivir-la-menopausia-con-Ines-Cadena.jpg","contentUrl":"https:\/\/inescadena.com\/wp-content\/uploads\/2025\/04\/Encuentro-de-Mujeres-Vivir-la-menopausia-con-Ines-Cadena.jpg","width":1080,"height":1080,"caption":"Retiros de bienestar para mujeres"},{"@type":"BreadcrumbList","@id":"https:\/\/inescadena.com\/index.php\/retiros-de-bienestar-para-mujeres\/#breadcrumb","itemListElement":[{"@type":"ListItem","position":1,"name":"Portada","item":"https:\/\/inescadena.com\/"},{"@type":"ListItem","position":2,"name":"Retiros y talleres"}]},{"@type":"WebSite","@id":"https:\/\/inescadena.com\/#website","url":"https:\/\/inescadena.com\/","name":"In\u00e9s Cadena","description":"","potentialAction":[{"@type":"SearchAction","target":{"@type":"EntryPoint","urlTemplate":"https:\/\/inescadena.com\/?s={search_term_string}"},"query-input":{"@type":"PropertyValueSpecification","valueRequired":true,"valueName":"search_term_string"}}],"inLanguage":"es"}]}},"_links":{"self":[{"href":"https:\/\/inescadena.com\/index.php\/wp-json\/wp\/v2\/pages\/19","targetHints":{"allow":["GET"]}}],"collection":[{"href":"https:\/\/inescadena.com\/index.php\/wp-json\/wp\/v2\/pages"}],"about":[{"href":"https:\/\/inescadena.com\/index.php\/wp-json\/wp\/v2\/types\/page"}],"author":[{"embeddable":true,"href":"https:\/\/inescadena.com\/index.php\/wp-json\/wp\/v2\/users\/1"}],"replies":[{"embeddable":true,"href":"https:\/\/inescadena.com\/index.php\/wp-json\/wp\/v2\/comments?post=19"}],"version-history":[{"count":13,"href":"https:\/\/inescadena.com\/index.php\/wp-json\/wp\/v2\/pages\/19\/revisions"}],"predecessor-version":[{"id":279,"href":"https:\/\/inescadena.com\/index.php\/wp-json\/wp\/v2\/pages\/19\/revisions\/279"}],"wp:attachment":[{"href":"https:\/\/inescadena.com\/index.php\/wp-json\/wp\/v2\/media?parent=19"}],"curies":[{"name":"wp","href":"https:\/\/api.w.org\/{rel}","templated":true}]}}