{"id":25,"date":"2025-04-24T18:17:53","date_gmt":"2025-04-24T18:17:53","guid":{"rendered":"https:\/\/inescadena.com\/?page_id=25"},"modified":"2025-09-05T15:40:02","modified_gmt":"2025-09-05T15:40:02","slug":"apoyo-emocional-para-mujeres-contacto","status":"publish","type":"page","link":"https:\/\/inescadena.com\/index.php\/apoyo-emocional-para-mujeres-contacto\/","title":{"rendered":"Contacto"},"content":{"rendered":"\t\t<div data-elementor-type=\"wp-page\" data-elementor-id=\"25\" class=\"elementor elementor-25\" data-elementor-post-type=\"page\">\n\t\t\t\t<div class=\"elementor-element elementor-element-9936cd6 e-flex e-con-boxed e-con e-parent\" data-id=\"9936cd6\" data-element_type=\"container\" data-e-type=\"container\">\n\t\t\t\t\t<div class=\"e-con-inner\">\n\t\t\t\t<div class=\"elementor-element elementor-element-955d399 elementor-widget elementor-widget-heading\" data-id=\"955d399\" data-element_type=\"widget\" data-e-type=\"widget\" data-widget_type=\"heading.default\">\n\t\t\t\t<div class=\"elementor-widget-container\">\n\t\t\t\t\t<h1 class=\"elementor-heading-title elementor-size-default\">Apoyo emocional para mujeres<\/h1>\t\t\t\t<\/div>\n\t\t\t\t<\/div>\n\t\t\t\t<div class=\"elementor-element elementor-element-86e2144 elementor-widget elementor-widget-heading\" data-id=\"86e2144\" data-element_type=\"widget\" data-e-type=\"widget\" data-widget_type=\"heading.default\">\n\t\t\t\t<div class=\"elementor-widget-container\">\n\t\t\t\t\t<h2 class=\"elementor-heading-title elementor-size-default\">CONTACTO<\/h2>\t\t\t\t<\/div>\n\t\t\t\t<\/div>\n\t\t\t\t\t<\/div>\n\t\t\t\t<\/div>\n\t\t<div class=\"elementor-element elementor-element-49d1e74 e-flex e-con-boxed e-con e-parent\" data-id=\"49d1e74\" data-element_type=\"container\" data-e-type=\"container\">\n\t\t\t\t\t<div class=\"e-con-inner\">\n\t\t<div class=\"elementor-element elementor-element-929c6a3 e-con-full e-flex e-con e-child\" data-id=\"929c6a3\" data-element_type=\"container\" data-e-type=\"container\">\n\t\t\t\t<div class=\"elementor-element elementor-element-1bd0081 elementor-widget elementor-widget-text-editor\" data-id=\"1bd0081\" data-element_type=\"widget\" data-e-type=\"widget\" data-widget_type=\"text-editor.default\">\n\t\t\t\t<div class=\"elementor-widget-container\">\n\t\t\t\t\t\t\t\t\t<p class=\"\" data-start=\"242\" data-end=\"501\">\u00bfBuscas <strong data-start=\"250\" data-end=\"282\">apoyo emocional para mujeres<\/strong> en un espacio seguro, emp\u00e1tico y confidencial?<\/p><p class=\"\" data-start=\"242\" data-end=\"501\">Soy<span style=\"color: #000000;\"> <a style=\"color: #000000;\" href=\"https:\/\/inescadena.com\/index.php\/terapeuta-para-mujeres-en-madrid\/\"><strong data-start=\"336\" data-end=\"351\">In\u00e9s Cadena<\/strong><\/a><\/span>, terapeuta especializada en acompa\u00f1ar a mujeres en sus procesos emocionales. Estoy aqu\u00ed para escucharte, guiarte y apoyarte en cada etapa de tu vida.<\/p><p class=\"\" data-start=\"503\" data-end=\"648\">Puedes ponerte en contacto conmigo a trav\u00e9s del formulario o mediante los siguientes canales.<br data-start=\"596\" data-end=\"599\" \/><strong data-start=\"599\" data-end=\"648\">Responder\u00e9 a tu mensaje en menos de 24 horas.<\/strong><\/p>\t\t\t\t\t\t\t\t<\/div>\n\t\t\t\t<\/div>\n\t\t\t\t<\/div>\n\t\t<div class=\"elementor-element elementor-element-ec5b626 e-con-full e-flex e-con e-child\" data-id=\"ec5b626\" data-element_type=\"container\" data-e-type=\"container\">\n\t\t\t\t<div class=\"elementor-element elementor-element-8b3b907 elementor-widget elementor-widget-image\" data-id=\"8b3b907\" data-element_type=\"widget\" data-e-type=\"widget\" data-widget_type=\"image.default\">\n\t\t\t\t<div class=\"elementor-widget-container\">\n\t\t\t\t\t\t\t\t\t\t\t\t\t\t\t<img fetchpriority=\"high\" decoding=\"async\" width=\"800\" height=\"534\" src=\"https:\/\/inescadena.com\/wp-content\/uploads\/2025\/04\/Ines-Cadena-Garaizar-3-1024x683.jpg\" class=\"attachment-large size-large wp-image-127\" alt=\"Apoyo emocional para mujeres\" srcset=\"https:\/\/inescadena.com\/wp-content\/uploads\/2025\/04\/Ines-Cadena-Garaizar-3-1024x683.jpg 1024w, https:\/\/inescadena.com\/wp-content\/uploads\/2025\/04\/Ines-Cadena-Garaizar-3-300x200.jpg 300w, https:\/\/inescadena.com\/wp-content\/uploads\/2025\/04\/Ines-Cadena-Garaizar-3-768x512.jpg 768w, https:\/\/inescadena.com\/wp-content\/uploads\/2025\/04\/Ines-Cadena-Garaizar-3-1536x1024.jpg 1536w, https:\/\/inescadena.com\/wp-content\/uploads\/2025\/04\/Ines-Cadena-Garaizar-3.jpg 1800w\" sizes=\"(max-width: 800px) 100vw, 800px\" \/>\t\t\t\t\t\t\t\t\t\t\t\t\t\t\t<\/div>\n\t\t\t\t<\/div>\n\t\t\t\t<\/div>\n\t\t\t\t\t<\/div>\n\t\t\t\t<\/div>\n\t\t<div class=\"elementor-element elementor-element-5911c0d e-flex e-con-boxed e-con e-parent\" data-id=\"5911c0d\" data-element_type=\"container\" data-e-type=\"container\">\n\t\t\t\t\t<div class=\"e-con-inner\">\n\t\t<div class=\"elementor-element elementor-element-2c5c7de e-con-full e-flex e-con e-child\" data-id=\"2c5c7de\" data-element_type=\"container\" data-e-type=\"container\">\n\t\t\t\t<div class=\"elementor-element elementor-element-89bebbf elementor-widget__width-initial elementor-widget elementor-widget-text-editor\" data-id=\"89bebbf\" data-element_type=\"widget\" data-e-type=\"widget\" data-widget_type=\"text-editor.default\">\n\t\t\t\t<div class=\"elementor-widget-container\">\n\t\t\t\t\t\t\t\t\t<h2 class=\"\" data-start=\"506\" data-end=\"559\">\u00bfQu\u00e9 tipo de apoyo emocional para mujeres ofrezco?<\/h2>\t\t\t\t\t\t\t\t<\/div>\n\t\t\t\t<\/div>\n\t\t\t\t<div class=\"elementor-element elementor-element-16d6298 elementor-widget__width-initial elementor-widget elementor-widget-text-editor\" data-id=\"16d6298\" data-element_type=\"widget\" data-e-type=\"widget\" data-widget_type=\"text-editor.default\">\n\t\t\t\t<div class=\"elementor-widget-container\">\n\t\t\t\t\t\t\t\t\t<p class=\"\" data-start=\"561\" data-end=\"591\">En mi consulta, encontrar\u00e1s:<\/p><ul data-start=\"592\" data-end=\"732\"><li class=\"\" data-start=\"592\" data-end=\"634\"><p class=\"\" data-start=\"594\" data-end=\"634\">Procesos de acompa\u00f1amiento individual.<\/p><\/li><li class=\"\" data-start=\"635\" data-end=\"683\"><p class=\"\" data-start=\"637\" data-end=\"683\">Espacios grupales de crecimiento y sanaci\u00f3n.<\/p><\/li><li class=\"\" data-start=\"684\" data-end=\"732\"><p class=\"\" data-start=\"686\" data-end=\"732\">Clases de yoga para reconectar cuerpo y mente.<\/p><\/li><\/ul><p class=\"\" data-start=\"734\" data-end=\"919\">Te invito a descubrir m\u00e1s sobre mis servicios de <a class=\"cursor-pointer\" href=\"https:\/\/inescadena.com\/index.php\/terapia-para-mujeres-en-madrid\/\" target=\"_new\" rel=\"noopener\" data-start=\"783\" data-end=\"847\"><span style=\"text-decoration: underline;\"><span style=\"color: #000000; text-decoration: underline;\">terapia emocional para mujeres<\/span><\/span><\/a> y mis <span style=\"text-decoration: underline;\"><span style=\"color: #000000;\"><a style=\"color: #000000; text-decoration: underline;\" href=\"https:\/\/inescadena.com\/index.php\/circulo-de-mujeres-en-madrid\/\">c\u00edrculos de mujeres.<\/a><\/span><\/span><\/p>\t\t\t\t\t\t\t\t<\/div>\n\t\t\t\t<\/div>\n\t\t\t\t<\/div>\n\t\t\t\t\t<\/div>\n\t\t\t\t<\/div>\n\t\t<div class=\"elementor-element elementor-element-59b9da7 e-flex e-con-boxed e-con e-parent\" data-id=\"59b9da7\" data-element_type=\"container\" data-e-type=\"container\">\n\t\t\t\t\t<div class=\"e-con-inner\">\n\t\t\t\t<div class=\"elementor-element elementor-element-29cbe8f elementor-widget elementor-widget-heading\" data-id=\"29cbe8f\" data-element_type=\"widget\" data-e-type=\"widget\" data-widget_type=\"heading.default\">\n\t\t\t\t<div class=\"elementor-widget-container\">\n\t\t\t\t\t<h2 class=\"elementor-heading-title elementor-size-default\">QUIERO SABER DE TI<\/h2>\t\t\t\t<\/div>\n\t\t\t\t<\/div>\n\t\t\t\t<div class=\"elementor-element elementor-element-c1d3402 elementor-widget elementor-widget-heading\" data-id=\"c1d3402\" data-element_type=\"widget\" data-e-type=\"widget\" data-widget_type=\"heading.default\">\n\t\t\t\t<div class=\"elementor-widget-container\">\n\t\t\t\t\t<h2 class=\"elementor-heading-title elementor-size-default\">Atender\u00e9 tus preguntas y comentarios. <br>Gracias por tu inter\u00e9s<\/h2>\t\t\t\t<\/div>\n\t\t\t\t<\/div>\n\t\t\t\t\t<\/div>\n\t\t\t\t<\/div>\n\t\t<div class=\"elementor-element elementor-element-860168f e-flex e-con-boxed e-con e-parent\" data-id=\"860168f\" data-element_type=\"container\" data-e-type=\"container\">\n\t\t\t\t\t<div class=\"e-con-inner\">\n\t\t\t\t<div class=\"elementor-element elementor-element-b92a95f elementor-button-align-stretch elementor-widget elementor-widget-form\" data-id=\"b92a95f\" data-element_type=\"widget\" data-e-type=\"widget\" data-settings=\"{&quot;step_next_label&quot;:&quot;Siguiente&quot;,&quot;step_previous_label&quot;:&quot;Anterior&quot;,&quot;button_width&quot;:&quot;100&quot;,&quot;step_type&quot;:&quot;number_text&quot;,&quot;step_icon_shape&quot;:&quot;circle&quot;}\" data-widget_type=\"form.default\">\n\t\t\t\t<div class=\"elementor-widget-container\">\n\t\t\t\t\t\t\t<form class=\"elementor-form\" method=\"post\" name=\"Nuevo formulario\" aria-label=\"Nuevo formulario\">\n\t\t\t<input type=\"hidden\" name=\"post_id\" value=\"25\"\/>\n\t\t\t<input type=\"hidden\" name=\"form_id\" value=\"b92a95f\"\/>\n\t\t\t<input type=\"hidden\" name=\"referer_title\" value=\"Apoyo emocional para mujeres | Contacta con In\u00e9s Cadena\" \/>\n\n\t\t\t\t\t\t\t<input type=\"hidden\" name=\"queried_id\" value=\"25\"\/>\n\t\t\t\n\t\t\t<div class=\"elementor-form-fields-wrapper elementor-labels-\">\n\t\t\t\t\t\t\t\t<div class=\"elementor-field-type-text elementor-field-group elementor-column elementor-field-group-name elementor-col-50\">\n\t\t\t\t\t\t\t\t\t\t\t\t<label for=\"form-field-name\" class=\"elementor-field-label elementor-screen-only\">\n\t\t\t\t\t\t\t\tNombre\t\t\t\t\t\t\t<\/label>\n\t\t\t\t\t\t\t\t\t\t\t\t\t\t<input size=\"1\" type=\"text\" name=\"form_fields[name]\" id=\"form-field-name\" class=\"elementor-field elementor-size-sm  elementor-field-textual\" placeholder=\"Nombre*\">\n\t\t\t\t\t\t\t\t\t\t\t<\/div>\n\t\t\t\t\t\t\t\t<div class=\"elementor-field-type-email elementor-field-group elementor-column elementor-field-group-email elementor-col-50 elementor-field-required\">\n\t\t\t\t\t\t\t\t\t\t\t\t<label for=\"form-field-email\" class=\"elementor-field-label elementor-screen-only\">\n\t\t\t\t\t\t\t\tCorreo electr\u00f3nico\t\t\t\t\t\t\t<\/label>\n\t\t\t\t\t\t\t\t\t\t\t\t\t\t<input size=\"1\" type=\"email\" name=\"form_fields[email]\" id=\"form-field-email\" class=\"elementor-field elementor-size-sm  elementor-field-textual\" placeholder=\"Correo electr\u00f3nico*\" required=\"required\">\n\t\t\t\t\t\t\t\t\t\t\t<\/div>\n\t\t\t\t\t\t\t\t<div class=\"elementor-field-type-textarea elementor-field-group elementor-column elementor-field-group-message elementor-col-100\">\n\t\t\t\t\t\t\t\t\t\t\t\t<label for=\"form-field-message\" class=\"elementor-field-label elementor-screen-only\">\n\t\t\t\t\t\t\t\tMensaje\t\t\t\t\t\t\t<\/label>\n\t\t\t\t\t\t<textarea class=\"elementor-field-textual elementor-field  elementor-size-sm\" name=\"form_fields[message]\" id=\"form-field-message\" rows=\"4\" placeholder=\"Mensaje\"><\/textarea>\t\t\t\t<\/div>\n\t\t\t\t\t\t\t\t<div class=\"elementor-field-type-acceptance elementor-field-group elementor-column elementor-field-group-field_a9d320b elementor-col-100\">\n\t\t\t\t\t\t\t<div class=\"elementor-field-subgroup\">\n\t\t\t<span class=\"elementor-field-option\">\n\t\t\t\t<input type=\"checkbox\" name=\"form_fields[field_a9d320b]\" id=\"form-field-field_a9d320b\" class=\"elementor-field elementor-size-sm  elementor-acceptance-field\">\n\t\t\t\t<label for=\"form-field-field_a9d320b\">He le\u00eddo y acepto el aviso legal y la pol\u00edtica de privacidad.<\/label>\t\t\t<\/span>\n\t\t<\/div>\n\t\t\t\t\t\t<\/div>\n\t\t\t\t\t\t\t\t<div class=\"elementor-field-group elementor-column elementor-field-type-submit elementor-col-100 e-form__buttons\">\n\t\t\t\t\t<button class=\"elementor-button elementor-size-sm\" type=\"submit\">\n\t\t\t\t\t\t<span class=\"elementor-button-content-wrapper\">\n\t\t\t\t\t\t\t\t\t\t\t\t\t\t\t\t\t\t\t\t\t\t<span class=\"elementor-button-text\">ENVIAR MENSAJE<\/span>\n\t\t\t\t\t\t\t\t\t\t\t\t\t<\/span>\n\t\t\t\t\t<\/button>\n\t\t\t\t<\/div>\n\t\t\t<\/div>\n\t\t<\/form>\n\t\t\t\t\t\t<\/div>\n\t\t\t\t<\/div>\n\t\t\t\t\t<\/div>\n\t\t\t\t<\/div>\n\t\t<div class=\"elementor-element elementor-element-80033ad e-flex e-con-boxed e-con e-parent\" data-id=\"80033ad\" data-element_type=\"container\" data-e-type=\"container\" data-settings=\"{&quot;background_background&quot;:&quot;classic&quot;}\">\n\t\t\t\t\t<div class=\"e-con-inner\">\n\t\t\t\t<div class=\"elementor-element elementor-element-b5deae2 elementor-widget elementor-widget-spacer\" data-id=\"b5deae2\" data-element_type=\"widget\" data-e-type=\"widget\" data-widget_type=\"spacer.default\">\n\t\t\t\t<div class=\"elementor-widget-container\">\n\t\t\t\t\t\t\t<div class=\"elementor-spacer\">\n\t\t\t<div class=\"elementor-spacer-inner\"><\/div>\n\t\t<\/div>\n\t\t\t\t\t\t<\/div>\n\t\t\t\t<\/div>\n\t\t\t\t<div class=\"elementor-element elementor-element-77b030e elementor-widget__width-initial elementor-widget elementor-widget-heading\" data-id=\"77b030e\" data-element_type=\"widget\" data-e-type=\"widget\" data-widget_type=\"heading.default\">\n\t\t\t\t<div class=\"elementor-widget-container\">\n\t\t\t\t\t<h2 class=\"elementor-heading-title elementor-size-default\">Espacios para mujeres que buscan sanar y reconectar<\/h2>\t\t\t\t<\/div>\n\t\t\t\t<\/div>\n\t\t\t\t<div class=\"elementor-element elementor-element-9442dd4 elementor-widget elementor-widget-text-editor\" data-id=\"9442dd4\" data-element_type=\"widget\" data-e-type=\"widget\" data-widget_type=\"text-editor.default\">\n\t\t\t\t<div class=\"elementor-widget-container\">\n\t\t\t\t\t\t\t\t\t<article class=\"text-token-text-primary w-full\" dir=\"auto\" data-testid=\"conversation-turn-18\" data-scroll-anchor=\"true\"><div class=\"text-base my-auto mx-auto py-5 [--thread-content-margin:--spacing(4)] @[37rem]:[--thread-content-margin:--spacing(6)] @[70rem]:[--thread-content-margin:--spacing(12)] px-(--thread-content-margin)\"><div class=\"[--thread-content-max-width:32rem] @[34rem]:[--thread-content-max-width:40rem] @[64rem]:[--thread-content-max-width:48rem] mx-auto flex max-w-(--thread-content-max-width) flex-1 text-base gap-4 md:gap-5 lg:gap-6 group\/turn-messages focus-visible:outline-hidden\" tabindex=\"-1\"><div class=\"group\/conversation-turn relative flex w-full min-w-0 flex-col agent-turn\"><div class=\"relative flex-col gap-1 md:gap-3\"><div class=\"flex max-w-full flex-col grow\"><div class=\"min-h-8 text-message relative flex w-full flex-col items-end gap-2 text-start break-words whitespace-normal [.text-message+&amp;]:mt-5\" dir=\"auto\" data-message-author-role=\"assistant\" data-message-id=\"e12882d6-12db-47f8-b474-78bdb571955d\" data-message-model-slug=\"gpt-4o-mini\"><div class=\"flex w-full flex-col gap-1 empty:hidden first:pt-[3px]\"><div class=\"markdown prose dark:prose-invert w-full break-words dark\"><p class=\"\" data-start=\"57\" data-end=\"598\">En mis sesiones de terapia, ofrezco un entorno seguro y respetuoso donde las mujeres pueden explorar sus emociones y sanar. A trav\u00e9s de un enfoque hol\u00edstico, ayudamos a reconectar cuerpo, mente y esp\u00edritu. Ya sea de manera individual o en grupos, cada espacio est\u00e1 dise\u00f1ado para fomentar la autoaceptaci\u00f3n, el crecimiento personal y la paz interior. Juntas, creamos un camino hacia el bienestar emocional, permiti\u00e9ndote liberarte de cargas pasadas y avanzar con mayor claridad y confianza. Este es un lugar donde tu sanaci\u00f3n es la prioridad.<\/p><\/div><\/div><\/div><\/div><\/div><\/div><\/div><\/div><\/article>\t\t\t\t\t\t\t\t<\/div>\n\t\t\t\t<\/div>\n\t\t\t\t<div class=\"elementor-element elementor-element-cde055f elementor-align-center elementor-widget elementor-widget-button\" data-id=\"cde055f\" data-element_type=\"widget\" data-e-type=\"widget\" data-widget_type=\"button.default\">\n\t\t\t\t<div class=\"elementor-widget-container\">\n\t\t\t\t\t\t\t\t\t<div class=\"elementor-button-wrapper\">\n\t\t\t\t\t<a class=\"elementor-button elementor-button-link elementor-size-sm\" href=\"https:\/\/inescadena.com\/\">\n\t\t\t\t\t\t<span class=\"elementor-button-content-wrapper\">\n\t\t\t\t\t\t\t\t\t<span class=\"elementor-button-text\">Me interesa<\/span>\n\t\t\t\t\t<\/span>\n\t\t\t\t\t<\/a>\n\t\t\t\t<\/div>\n\t\t\t\t\t\t\t\t<\/div>\n\t\t\t\t<\/div>\n\t\t\t\t<div class=\"elementor-element elementor-element-6c32bb0 elementor-widget elementor-widget-spacer\" data-id=\"6c32bb0\" data-element_type=\"widget\" data-e-type=\"widget\" data-widget_type=\"spacer.default\">\n\t\t\t\t<div class=\"elementor-widget-container\">\n\t\t\t\t\t\t\t<div class=\"elementor-spacer\">\n\t\t\t<div class=\"elementor-spacer-inner\"><\/div>\n\t\t<\/div>\n\t\t\t\t\t\t<\/div>\n\t\t\t\t<\/div>\n\t\t\t\t\t<\/div>\n\t\t\t\t<\/div>\n\t\t\t\t<\/div>\n\t\t","protected":false},"excerpt":{"rendered":"<p>Apoyo emocional para mujeres CONTACTO \u00bfBuscas apoyo emocional para mujeres en un espacio seguro, emp\u00e1tico y confidencial? Soy In\u00e9s Cadena, terapeuta especializada en acompa\u00f1ar a mujeres en sus procesos emocionales. Estoy aqu\u00ed para escucharte, guiarte y apoyarte en cada etapa de tu vida. Puedes ponerte en contacto conmigo a trav\u00e9s del formulario o mediante los [&hellip;]<\/p>\n","protected":false},"author":1,"featured_media":0,"parent":0,"menu_order":0,"comment_status":"closed","ping_status":"closed","template":"elementor_header_footer","meta":{"_joinchat":[],"footnotes":""},"class_list":["post-25","page","type-page","status-publish","hentry"],"yoast_head":"<!-- This site is optimized with the Yoast SEO plugin v27.3 - https:\/\/yoast.com\/product\/yoast-seo-wordpress\/ -->\n<title>Apoyo emocional para mujeres | Contacta con In\u00e9s Cadena<\/title>\n<meta name=\"description\" content=\"Apoyo emocional para mujeres: ponte en contacto con In\u00e9s Cadena para iniciar tu proceso de transformaci\u00f3n y bienestar personal.\" \/>\n<meta name=\"robots\" content=\"index, follow, max-snippet:-1, max-image-preview:large, max-video-preview:-1\" \/>\n<link rel=\"canonical\" href=\"https:\/\/inescadena.com\/index.php\/apoyo-emocional-para-mujeres-contacto\/\" \/>\n<meta property=\"og:locale\" content=\"es_ES\" \/>\n<meta property=\"og:type\" content=\"article\" \/>\n<meta property=\"og:title\" content=\"Apoyo emocional para mujeres | Contacta con In\u00e9s Cadena\" \/>\n<meta property=\"og:description\" content=\"Apoyo emocional para mujeres: ponte en contacto con In\u00e9s Cadena para iniciar tu proceso de transformaci\u00f3n y bienestar personal.\" \/>\n<meta property=\"og:url\" content=\"https:\/\/inescadena.com\/index.php\/apoyo-emocional-para-mujeres-contacto\/\" \/>\n<meta property=\"og:site_name\" content=\"In\u00e9s Cadena\" \/>\n<meta property=\"article:modified_time\" content=\"2025-09-05T15:40:02+00:00\" \/>\n<meta property=\"og:image\" content=\"https:\/\/inescadena.com\/wp-content\/uploads\/2025\/04\/Ines-Cadena-Garaizar-3.jpg\" \/>\n\t<meta property=\"og:image:width\" content=\"1800\" \/>\n\t<meta property=\"og:image:height\" content=\"1200\" \/>\n\t<meta property=\"og:image:type\" content=\"image\/jpeg\" \/>\n<meta name=\"twitter:card\" content=\"summary_large_image\" \/>\n<meta name=\"twitter:label1\" content=\"Tiempo de lectura\" \/>\n\t<meta name=\"twitter:data1\" content=\"2 minutos\" \/>\n<script type=\"application\/ld+json\" class=\"yoast-schema-graph\">{\"@context\":\"https:\\\/\\\/schema.org\",\"@graph\":[{\"@type\":\"WebPage\",\"@id\":\"https:\\\/\\\/inescadena.com\\\/index.php\\\/apoyo-emocional-para-mujeres-contacto\\\/\",\"url\":\"https:\\\/\\\/inescadena.com\\\/index.php\\\/apoyo-emocional-para-mujeres-contacto\\\/\",\"name\":\"Apoyo emocional para mujeres | Contacta con In\u00e9s Cadena\",\"isPartOf\":{\"@id\":\"https:\\\/\\\/inescadena.com\\\/#website\"},\"primaryImageOfPage\":{\"@id\":\"https:\\\/\\\/inescadena.com\\\/index.php\\\/apoyo-emocional-para-mujeres-contacto\\\/#primaryimage\"},\"image\":{\"@id\":\"https:\\\/\\\/inescadena.com\\\/index.php\\\/apoyo-emocional-para-mujeres-contacto\\\/#primaryimage\"},\"thumbnailUrl\":\"https:\\\/\\\/inescadena.com\\\/wp-content\\\/uploads\\\/2025\\\/04\\\/Ines-Cadena-Garaizar-3-1024x683.jpg\",\"datePublished\":\"2025-04-24T18:17:53+00:00\",\"dateModified\":\"2025-09-05T15:40:02+00:00\",\"description\":\"Apoyo emocional para mujeres: ponte en contacto con In\u00e9s Cadena para iniciar tu proceso de transformaci\u00f3n y bienestar personal.\",\"breadcrumb\":{\"@id\":\"https:\\\/\\\/inescadena.com\\\/index.php\\\/apoyo-emocional-para-mujeres-contacto\\\/#breadcrumb\"},\"inLanguage\":\"es\",\"potentialAction\":[{\"@type\":\"ReadAction\",\"target\":[\"https:\\\/\\\/inescadena.com\\\/index.php\\\/apoyo-emocional-para-mujeres-contacto\\\/\"]}]},{\"@type\":\"ImageObject\",\"inLanguage\":\"es\",\"@id\":\"https:\\\/\\\/inescadena.com\\\/index.php\\\/apoyo-emocional-para-mujeres-contacto\\\/#primaryimage\",\"url\":\"https:\\\/\\\/inescadena.com\\\/wp-content\\\/uploads\\\/2025\\\/04\\\/Ines-Cadena-Garaizar-3.jpg\",\"contentUrl\":\"https:\\\/\\\/inescadena.com\\\/wp-content\\\/uploads\\\/2025\\\/04\\\/Ines-Cadena-Garaizar-3.jpg\",\"width\":1800,\"height\":1200,\"caption\":\"Apoyo emocional para mujeres\"},{\"@type\":\"BreadcrumbList\",\"@id\":\"https:\\\/\\\/inescadena.com\\\/index.php\\\/apoyo-emocional-para-mujeres-contacto\\\/#breadcrumb\",\"itemListElement\":[{\"@type\":\"ListItem\",\"position\":1,\"name\":\"Portada\",\"item\":\"https:\\\/\\\/inescadena.com\\\/\"},{\"@type\":\"ListItem\",\"position\":2,\"name\":\"Contacto\"}]},{\"@type\":\"WebSite\",\"@id\":\"https:\\\/\\\/inescadena.com\\\/#website\",\"url\":\"https:\\\/\\\/inescadena.com\\\/\",\"name\":\"In\u00e9s Cadena\",\"description\":\"\",\"potentialAction\":[{\"@type\":\"SearchAction\",\"target\":{\"@type\":\"EntryPoint\",\"urlTemplate\":\"https:\\\/\\\/inescadena.com\\\/?s={search_term_string}\"},\"query-input\":{\"@type\":\"PropertyValueSpecification\",\"valueRequired\":true,\"valueName\":\"search_term_string\"}}],\"inLanguage\":\"es\"}]}<\/script>\n<!-- \/ Yoast SEO plugin. -->","yoast_head_json":{"title":"Apoyo emocional para mujeres | Contacta con In\u00e9s Cadena","description":"Apoyo emocional para mujeres: ponte en contacto con In\u00e9s Cadena para iniciar tu proceso de transformaci\u00f3n y bienestar personal.","robots":{"index":"index","follow":"follow","max-snippet":"max-snippet:-1","max-image-preview":"max-image-preview:large","max-video-preview":"max-video-preview:-1"},"canonical":"https:\/\/inescadena.com\/index.php\/apoyo-emocional-para-mujeres-contacto\/","og_locale":"es_ES","og_type":"article","og_title":"Apoyo emocional para mujeres | Contacta con In\u00e9s Cadena","og_description":"Apoyo emocional para mujeres: ponte en contacto con In\u00e9s Cadena para iniciar tu proceso de transformaci\u00f3n y bienestar personal.","og_url":"https:\/\/inescadena.com\/index.php\/apoyo-emocional-para-mujeres-contacto\/","og_site_name":"In\u00e9s Cadena","article_modified_time":"2025-09-05T15:40:02+00:00","og_image":[{"width":1800,"height":1200,"url":"https:\/\/inescadena.com\/wp-content\/uploads\/2025\/04\/Ines-Cadena-Garaizar-3.jpg","type":"image\/jpeg"}],"twitter_card":"summary_large_image","twitter_misc":{"Tiempo de lectura":"2 minutos"},"schema":{"@context":"https:\/\/schema.org","@graph":[{"@type":"WebPage","@id":"https:\/\/inescadena.com\/index.php\/apoyo-emocional-para-mujeres-contacto\/","url":"https:\/\/inescadena.com\/index.php\/apoyo-emocional-para-mujeres-contacto\/","name":"Apoyo emocional para mujeres | Contacta con In\u00e9s Cadena","isPartOf":{"@id":"https:\/\/inescadena.com\/#website"},"primaryImageOfPage":{"@id":"https:\/\/inescadena.com\/index.php\/apoyo-emocional-para-mujeres-contacto\/#primaryimage"},"image":{"@id":"https:\/\/inescadena.com\/index.php\/apoyo-emocional-para-mujeres-contacto\/#primaryimage"},"thumbnailUrl":"https:\/\/inescadena.com\/wp-content\/uploads\/2025\/04\/Ines-Cadena-Garaizar-3-1024x683.jpg","datePublished":"2025-04-24T18:17:53+00:00","dateModified":"2025-09-05T15:40:02+00:00","description":"Apoyo emocional para mujeres: ponte en contacto con In\u00e9s Cadena para iniciar tu proceso de transformaci\u00f3n y bienestar personal.","breadcrumb":{"@id":"https:\/\/inescadena.com\/index.php\/apoyo-emocional-para-mujeres-contacto\/#breadcrumb"},"inLanguage":"es","potentialAction":[{"@type":"ReadAction","target":["https:\/\/inescadena.com\/index.php\/apoyo-emocional-para-mujeres-contacto\/"]}]},{"@type":"ImageObject","inLanguage":"es","@id":"https:\/\/inescadena.com\/index.php\/apoyo-emocional-para-mujeres-contacto\/#primaryimage","url":"https:\/\/inescadena.com\/wp-content\/uploads\/2025\/04\/Ines-Cadena-Garaizar-3.jpg","contentUrl":"https:\/\/inescadena.com\/wp-content\/uploads\/2025\/04\/Ines-Cadena-Garaizar-3.jpg","width":1800,"height":1200,"caption":"Apoyo emocional para mujeres"},{"@type":"BreadcrumbList","@id":"https:\/\/inescadena.com\/index.php\/apoyo-emocional-para-mujeres-contacto\/#breadcrumb","itemListElement":[{"@type":"ListItem","position":1,"name":"Portada","item":"https:\/\/inescadena.com\/"},{"@type":"ListItem","position":2,"name":"Contacto"}]},{"@type":"WebSite","@id":"https:\/\/inescadena.com\/#website","url":"https:\/\/inescadena.com\/","name":"In\u00e9s Cadena","description":"","potentialAction":[{"@type":"SearchAction","target":{"@type":"EntryPoint","urlTemplate":"https:\/\/inescadena.com\/?s={search_term_string}"},"query-input":{"@type":"PropertyValueSpecification","valueRequired":true,"valueName":"search_term_string"}}],"inLanguage":"es"}]}},"_links":{"self":[{"href":"https:\/\/inescadena.com\/index.php\/wp-json\/wp\/v2\/pages\/25","targetHints":{"allow":["GET"]}}],"collection":[{"href":"https:\/\/inescadena.com\/index.php\/wp-json\/wp\/v2\/pages"}],"about":[{"href":"https:\/\/inescadena.com\/index.php\/wp-json\/wp\/v2\/types\/page"}],"author":[{"embeddable":true,"href":"https:\/\/inescadena.com\/index.php\/wp-json\/wp\/v2\/users\/1"}],"replies":[{"embeddable":true,"href":"https:\/\/inescadena.com\/index.php\/wp-json\/wp\/v2\/comments?post=25"}],"version-history":[{"count":34,"href":"https:\/\/inescadena.com\/index.php\/wp-json\/wp\/v2\/pages\/25\/revisions"}],"predecessor-version":[{"id":635,"href":"https:\/\/inescadena.com\/index.php\/wp-json\/wp\/v2\/pages\/25\/revisions\/635"}],"wp:attachment":[{"href":"https:\/\/inescadena.com\/index.php\/wp-json\/wp\/v2\/media?parent=25"}],"curies":[{"name":"wp","href":"https:\/\/api.w.org\/{rel}","templated":true}]}}