{"id":354,"date":"2025-04-28T00:15:22","date_gmt":"2025-04-28T00:15:22","guid":{"rendered":"https:\/\/inescadena.com\/?page_id=354"},"modified":"2025-04-28T00:40:41","modified_gmt":"2025-04-28T00:40:41","slug":"aviso-legal","status":"publish","type":"page","link":"https:\/\/inescadena.com\/index.php\/aviso-legal\/","title":{"rendered":"Aviso legal"},"content":{"rendered":"\t\t<div data-elementor-type=\"wp-page\" data-elementor-id=\"354\" class=\"elementor elementor-354\" data-elementor-post-type=\"page\">\n\t\t\t\t<div class=\"elementor-element elementor-element-c3fac8d e-flex e-con-boxed e-con e-parent\" data-id=\"c3fac8d\" data-element_type=\"container\" data-e-type=\"container\">\n\t\t\t\t\t<div class=\"e-con-inner\">\n\t\t<div class=\"elementor-element elementor-element-4976a543 e-con-full e-flex e-con e-child\" data-id=\"4976a543\" data-element_type=\"container\" data-e-type=\"container\">\n\t\t\t\t<div class=\"elementor-element elementor-element-5d94e2bd elementor-widget elementor-widget-heading\" data-id=\"5d94e2bd\" data-element_type=\"widget\" data-e-type=\"widget\" data-widget_type=\"heading.default\">\n\t\t\t\t<div class=\"elementor-widget-container\">\n\t\t\t\t\t<h2 class=\"elementor-heading-title elementor-size-default\">Aviso legal<\/h2>\t\t\t\t<\/div>\n\t\t\t\t<\/div>\n\t\t\t\t<div class=\"elementor-element elementor-element-7f48a600 elementor-widget elementor-widget-image\" data-id=\"7f48a600\" data-element_type=\"widget\" data-e-type=\"widget\" data-widget_type=\"image.default\">\n\t\t\t\t<div class=\"elementor-widget-container\">\n\t\t\t\t\t\t\t\t\t\t\t\t\t\t\t<img decoding=\"async\" width=\"768\" height=\"25\" src=\"https:\/\/inescadena.com\/wp-content\/uploads\/2025\/04\/Subrayado-cabecera-fino-768x25.png\" class=\"attachment-medium_large size-medium_large wp-image-90\" alt=\"\" srcset=\"https:\/\/inescadena.com\/wp-content\/uploads\/2025\/04\/Subrayado-cabecera-fino-768x25.png 768w, https:\/\/inescadena.com\/wp-content\/uploads\/2025\/04\/Subrayado-cabecera-fino-300x10.png 300w, https:\/\/inescadena.com\/wp-content\/uploads\/2025\/04\/Subrayado-cabecera-fino-1024x33.png 1024w, https:\/\/inescadena.com\/wp-content\/uploads\/2025\/04\/Subrayado-cabecera-fino-1536x50.png 1536w, https:\/\/inescadena.com\/wp-content\/uploads\/2025\/04\/Subrayado-cabecera-fino-2048x67.png 2048w\" sizes=\"(max-width: 768px) 100vw, 768px\" \/>\t\t\t\t\t\t\t\t\t\t\t\t\t\t\t<\/div>\n\t\t\t\t<\/div>\n\t\t\t\t<div class=\"elementor-element elementor-element-32b18b2a elementor-widget elementor-widget-text-editor\" data-id=\"32b18b2a\" data-element_type=\"widget\" data-e-type=\"widget\" data-widget_type=\"text-editor.default\">\n\t\t\t\t<div class=\"elementor-widget-container\">\n\t\t\t\t\t\t\t\t\t<p>En cumplimiento con el deber de informaci\u00f3n recogido en art\u00edculo 10 de la Ley 34\/2002, de 11 de julio, de Servicios de la Sociedad de la Informaci\u00f3n y del Comercio Electr\u00f3nico (LSSICE), el propietario de la web , le informa de lo siguiente:<\/p><ul><li>Denominaci\u00f3n social: In\u00e9s Cadena Garaizar<\/li><li>NIF: 33440442Y<\/li><li>Domicilio: C\/ Delicias, 26. Esc. Dcha. 3\u00baB., 28045 \u2013 Madrid (Madrid)<\/li><\/ul><p><br \/>Con los l\u00edmites establecidos en la ley, In\u00e9s Cadena Garaizar no asume ninguna responsabilidad derivada de la falta de veracidad, integridad, actualizaci\u00f3n y precisi\u00f3n de los datos o informaciones que contienen sus p\u00e1ginas web.<br \/>Los contenidos e informaci\u00f3n no vinculan a In\u00e9s Cadena Garaizar ni constituyen opiniones, consejos o asesoramiento legal de ning\u00fan tipo pues se trata meramente de un servicio ofrecido con car\u00e1cter informativo y divulgativo.<br \/>Las p\u00e1ginas de Internet de In\u00e9s Cadena Garaizar pueden contener enlaces (links) a otras p\u00e1ginas de terceras partes que In\u00e9s Cadena Garaizar no puede controlar. Por lo tanto, In\u00e9s Cadena Garaizar no puede asumir responsabilidades por el contenido que pueda aparecer en p\u00e1ginas de terceros.<br \/>Los textos, im\u00e1genes, sonidos, animaciones, software y el resto de contenidos incluidos en este website son propiedad exclusiva de In\u00e9s Cadena Garaizar o sus licenciantes. Cualquier acto de transmisi\u00f3n, distribuci\u00f3n, cesi\u00f3n, reproducci\u00f3n, almacenamiento o comunicaci\u00f3n p\u00fablica total o parcial, deber\u00e1 contar con el consentimiento expreso de In\u00e9s Cadena Garaizar.<br \/>Asimismo, para acceder a algunos de los servicios que In\u00e9s Cadena Garaizar ofrece a trav\u00e9s del sitio web, deber\u00e1 proporcionar algunos datos de car\u00e1cter personal. En cumplimiento de lo establecido en el Reglamento (UE) 2016\/679 del Parlamento Europeo y del Consejo, de 27 de abril de 2016, relativo a la protecci\u00f3n de las personas f\u00edsicas en lo que respecta al tratamiento de datos personales y a la libre circulaci\u00f3n de estos datos le informamos que, mediante la cumplimentaci\u00f3n de los presentes formularios, sus datos personales quedar\u00e1n incorporados y ser\u00e1n tratados en los ficheros de In\u00e9s Cadena Garaizar con el fin de poderle prestar y ofrecer nuestros servicios as\u00ed como para informarle de las mejoras del sitio Web.<br \/>Le informamos tambi\u00e9n de que tendr\u00e1 la posibilidad en todo momento de ejercer los derechos de acceso, rectificaci\u00f3n, cancelaci\u00f3n, oposici\u00f3n, limitaci\u00f3n y portabilidad de sus datos de car\u00e1c<span style=\"color: #000000;\">ter personal, de manera gratuita mediante email a:\u00a0<a style=\"color: #000000;\" href=\"mailto:hablamos@inescadena.com\">hablamos@inescadena.com<\/a>\u00a0o en la direc<\/span>ci\u00f3n: C\/ Delicias, 26. Esc. Dcha. 3\u00baB., 28045 \u2013 Madrid (Madrid).<\/p>\t\t\t\t\t\t\t\t<\/div>\n\t\t\t\t<\/div>\n\t\t\t\t<\/div>\n\t\t\t\t\t<\/div>\n\t\t\t\t<\/div>\n\t\t\t\t<\/div>\n\t\t","protected":false},"excerpt":{"rendered":"<p>En cumplimiento con el deber de informaci\u00f3n recogido en art\u00edculo 10 de la Ley 34\/2002, de 11 de julio, de Servicios de la Sociedad de la Informaci\u00f3n y del Comercio Electr\u00f3nico (LSSICE), el propietario de la web , le informa de lo siguiente: Denominaci\u00f3n social: In\u00e9s Cadena Garaizar NIF: 33440442Y Domicilio: C\/ Delicias, 26. Esc. [&hellip;]<\/p>\n","protected":false},"author":1,"featured_media":0,"parent":0,"menu_order":0,"comment_status":"closed","ping_status":"closed","template":"elementor_header_footer","meta":{"_joinchat":[],"footnotes":""},"class_list":["post-354","page","type-page","status-publish","hentry"],"yoast_head":"<!-- This site is optimized with the Yoast SEO plugin v27.3 - https:\/\/yoast.com\/product\/yoast-seo-wordpress\/ -->\n<title>Aviso legal | In\u00e9s Cadena<\/title>\n<meta name=\"description\" content=\"El acceso y uso de este sitio web est\u00e1 sujeto a los t\u00e9rminos establecidos en este aviso legal. Al utilizar el sitio, aceptas las condiciones.\" \/>\n<meta name=\"robots\" content=\"index, follow, max-snippet:-1, max-image-preview:large, max-video-preview:-1\" \/>\n<link rel=\"canonical\" href=\"https:\/\/inescadena.com\/index.php\/aviso-legal\/\" \/>\n<meta property=\"og:locale\" content=\"es_ES\" \/>\n<meta property=\"og:type\" content=\"article\" \/>\n<meta property=\"og:title\" content=\"Aviso legal | In\u00e9s Cadena\" \/>\n<meta property=\"og:description\" content=\"El acceso y uso de este sitio web est\u00e1 sujeto a los t\u00e9rminos establecidos en este aviso legal. Al utilizar el sitio, aceptas las condiciones.\" \/>\n<meta property=\"og:url\" content=\"https:\/\/inescadena.com\/index.php\/aviso-legal\/\" \/>\n<meta property=\"og:site_name\" content=\"In\u00e9s Cadena\" \/>\n<meta property=\"article:modified_time\" content=\"2025-04-28T00:40:41+00:00\" \/>\n<meta property=\"og:image\" content=\"https:\/\/inescadena.com\/wp-content\/uploads\/2025\/04\/Subrayado-cabecera-fino.png\" \/>\n\t<meta property=\"og:image:width\" content=\"2481\" \/>\n\t<meta property=\"og:image:height\" content=\"81\" \/>\n\t<meta property=\"og:image:type\" content=\"image\/png\" \/>\n<meta name=\"twitter:card\" content=\"summary_large_image\" \/>\n<meta name=\"twitter:label1\" content=\"Tiempo de lectura\" \/>\n\t<meta name=\"twitter:data1\" content=\"2 minutos\" \/>\n<script type=\"application\/ld+json\" class=\"yoast-schema-graph\">{\"@context\":\"https:\\\/\\\/schema.org\",\"@graph\":[{\"@type\":\"WebPage\",\"@id\":\"https:\\\/\\\/inescadena.com\\\/index.php\\\/aviso-legal\\\/\",\"url\":\"https:\\\/\\\/inescadena.com\\\/index.php\\\/aviso-legal\\\/\",\"name\":\"Aviso legal | In\u00e9s Cadena\",\"isPartOf\":{\"@id\":\"https:\\\/\\\/inescadena.com\\\/#website\"},\"primaryImageOfPage\":{\"@id\":\"https:\\\/\\\/inescadena.com\\\/index.php\\\/aviso-legal\\\/#primaryimage\"},\"image\":{\"@id\":\"https:\\\/\\\/inescadena.com\\\/index.php\\\/aviso-legal\\\/#primaryimage\"},\"thumbnailUrl\":\"https:\\\/\\\/inescadena.com\\\/wp-content\\\/uploads\\\/2025\\\/04\\\/Subrayado-cabecera-fino-768x25.png\",\"datePublished\":\"2025-04-28T00:15:22+00:00\",\"dateModified\":\"2025-04-28T00:40:41+00:00\",\"description\":\"El acceso y uso de este sitio web est\u00e1 sujeto a los t\u00e9rminos establecidos en este aviso legal. Al utilizar el sitio, aceptas las condiciones.\",\"breadcrumb\":{\"@id\":\"https:\\\/\\\/inescadena.com\\\/index.php\\\/aviso-legal\\\/#breadcrumb\"},\"inLanguage\":\"es\",\"potentialAction\":[{\"@type\":\"ReadAction\",\"target\":[\"https:\\\/\\\/inescadena.com\\\/index.php\\\/aviso-legal\\\/\"]}]},{\"@type\":\"ImageObject\",\"inLanguage\":\"es\",\"@id\":\"https:\\\/\\\/inescadena.com\\\/index.php\\\/aviso-legal\\\/#primaryimage\",\"url\":\"https:\\\/\\\/inescadena.com\\\/wp-content\\\/uploads\\\/2025\\\/04\\\/Subrayado-cabecera-fino.png\",\"contentUrl\":\"https:\\\/\\\/inescadena.com\\\/wp-content\\\/uploads\\\/2025\\\/04\\\/Subrayado-cabecera-fino.png\",\"width\":2481,\"height\":81},{\"@type\":\"BreadcrumbList\",\"@id\":\"https:\\\/\\\/inescadena.com\\\/index.php\\\/aviso-legal\\\/#breadcrumb\",\"itemListElement\":[{\"@type\":\"ListItem\",\"position\":1,\"name\":\"Portada\",\"item\":\"https:\\\/\\\/inescadena.com\\\/\"},{\"@type\":\"ListItem\",\"position\":2,\"name\":\"Aviso legal\"}]},{\"@type\":\"WebSite\",\"@id\":\"https:\\\/\\\/inescadena.com\\\/#website\",\"url\":\"https:\\\/\\\/inescadena.com\\\/\",\"name\":\"In\u00e9s Cadena\",\"description\":\"\",\"potentialAction\":[{\"@type\":\"SearchAction\",\"target\":{\"@type\":\"EntryPoint\",\"urlTemplate\":\"https:\\\/\\\/inescadena.com\\\/?s={search_term_string}\"},\"query-input\":{\"@type\":\"PropertyValueSpecification\",\"valueRequired\":true,\"valueName\":\"search_term_string\"}}],\"inLanguage\":\"es\"}]}<\/script>\n<!-- \/ Yoast SEO plugin. -->","yoast_head_json":{"title":"Aviso legal | In\u00e9s Cadena","description":"El acceso y uso de este sitio web est\u00e1 sujeto a los t\u00e9rminos establecidos en este aviso legal. Al utilizar el sitio, aceptas las condiciones.","robots":{"index":"index","follow":"follow","max-snippet":"max-snippet:-1","max-image-preview":"max-image-preview:large","max-video-preview":"max-video-preview:-1"},"canonical":"https:\/\/inescadena.com\/index.php\/aviso-legal\/","og_locale":"es_ES","og_type":"article","og_title":"Aviso legal | In\u00e9s Cadena","og_description":"El acceso y uso de este sitio web est\u00e1 sujeto a los t\u00e9rminos establecidos en este aviso legal. Al utilizar el sitio, aceptas las condiciones.","og_url":"https:\/\/inescadena.com\/index.php\/aviso-legal\/","og_site_name":"In\u00e9s Cadena","article_modified_time":"2025-04-28T00:40:41+00:00","og_image":[{"width":2481,"height":81,"url":"https:\/\/inescadena.com\/wp-content\/uploads\/2025\/04\/Subrayado-cabecera-fino.png","type":"image\/png"}],"twitter_card":"summary_large_image","twitter_misc":{"Tiempo de lectura":"2 minutos"},"schema":{"@context":"https:\/\/schema.org","@graph":[{"@type":"WebPage","@id":"https:\/\/inescadena.com\/index.php\/aviso-legal\/","url":"https:\/\/inescadena.com\/index.php\/aviso-legal\/","name":"Aviso legal | In\u00e9s Cadena","isPartOf":{"@id":"https:\/\/inescadena.com\/#website"},"primaryImageOfPage":{"@id":"https:\/\/inescadena.com\/index.php\/aviso-legal\/#primaryimage"},"image":{"@id":"https:\/\/inescadena.com\/index.php\/aviso-legal\/#primaryimage"},"thumbnailUrl":"https:\/\/inescadena.com\/wp-content\/uploads\/2025\/04\/Subrayado-cabecera-fino-768x25.png","datePublished":"2025-04-28T00:15:22+00:00","dateModified":"2025-04-28T00:40:41+00:00","description":"El acceso y uso de este sitio web est\u00e1 sujeto a los t\u00e9rminos establecidos en este aviso legal. Al utilizar el sitio, aceptas las condiciones.","breadcrumb":{"@id":"https:\/\/inescadena.com\/index.php\/aviso-legal\/#breadcrumb"},"inLanguage":"es","potentialAction":[{"@type":"ReadAction","target":["https:\/\/inescadena.com\/index.php\/aviso-legal\/"]}]},{"@type":"ImageObject","inLanguage":"es","@id":"https:\/\/inescadena.com\/index.php\/aviso-legal\/#primaryimage","url":"https:\/\/inescadena.com\/wp-content\/uploads\/2025\/04\/Subrayado-cabecera-fino.png","contentUrl":"https:\/\/inescadena.com\/wp-content\/uploads\/2025\/04\/Subrayado-cabecera-fino.png","width":2481,"height":81},{"@type":"BreadcrumbList","@id":"https:\/\/inescadena.com\/index.php\/aviso-legal\/#breadcrumb","itemListElement":[{"@type":"ListItem","position":1,"name":"Portada","item":"https:\/\/inescadena.com\/"},{"@type":"ListItem","position":2,"name":"Aviso legal"}]},{"@type":"WebSite","@id":"https:\/\/inescadena.com\/#website","url":"https:\/\/inescadena.com\/","name":"In\u00e9s Cadena","description":"","potentialAction":[{"@type":"SearchAction","target":{"@type":"EntryPoint","urlTemplate":"https:\/\/inescadena.com\/?s={search_term_string}"},"query-input":{"@type":"PropertyValueSpecification","valueRequired":true,"valueName":"search_term_string"}}],"inLanguage":"es"}]}},"_links":{"self":[{"href":"https:\/\/inescadena.com\/index.php\/wp-json\/wp\/v2\/pages\/354","targetHints":{"allow":["GET"]}}],"collection":[{"href":"https:\/\/inescadena.com\/index.php\/wp-json\/wp\/v2\/pages"}],"about":[{"href":"https:\/\/inescadena.com\/index.php\/wp-json\/wp\/v2\/types\/page"}],"author":[{"embeddable":true,"href":"https:\/\/inescadena.com\/index.php\/wp-json\/wp\/v2\/users\/1"}],"replies":[{"embeddable":true,"href":"https:\/\/inescadena.com\/index.php\/wp-json\/wp\/v2\/comments?post=354"}],"version-history":[{"count":4,"href":"https:\/\/inescadena.com\/index.php\/wp-json\/wp\/v2\/pages\/354\/revisions"}],"predecessor-version":[{"id":372,"href":"https:\/\/inescadena.com\/index.php\/wp-json\/wp\/v2\/pages\/354\/revisions\/372"}],"wp:attachment":[{"href":"https:\/\/inescadena.com\/index.php\/wp-json\/wp\/v2\/media?parent=354"}],"curies":[{"name":"wp","href":"https:\/\/api.w.org\/{rel}","templated":true}]}}